{"id":101,"date":"2021-08-24T00:54:06","date_gmt":"2021-08-24T00:54:06","guid":{"rendered":"https:\/\/joaquinperalta.cl\/?page_id=101"},"modified":"2021-09-02T20:56:28","modified_gmt":"2021-09-02T20:56:28","slug":"codigos-software","status":"publish","type":"page","link":"https:\/\/joaquinperalta.cl\/?page_id=101","title":{"rendered":"C\u00f3digos &#038; Software"},"content":{"rendered":"<p>[et_pb_section fb_built=&#8221;1&#8243; next_background_color=&#8221;#ffffff&#8221; admin_label=&#8221;Header&#8221; _builder_version=&#8221;4.10.5&#8243; background_color=&#8221;#f5f5f5&#8243; custom_margin=&#8221;|||&#8221; custom_padding=&#8221;||1vw|||&#8221; top_divider_style=&#8221;wave2&#8243; top_divider_color=&#8221;#0C71C3&#8243; bottom_divider_style=&#8221;wave2&#8243; bottom_divider_height=&#8221;14vw&#8221; bottom_divider_repeat=&#8221;0.5x&#8221; bottom_divider_flip=&#8221;horizontal&#8221; global_colors_info=&#8221;{}&#8221;][et_pb_row _builder_version=&#8221;4.10.5&#8243; animation_style=&#8221;fade&#8221; global_colors_info=&#8221;{}&#8221;][et_pb_column type=&#8221;4_4&#8243; _builder_version=&#8221;3.25&#8243; custom_padding=&#8221;|||&#8221; global_colors_info=&#8221;{}&#8221; custom_padding__hover=&#8221;|||&#8221;][et_pb_text _builder_version=&#8221;4.10.4&#8243; text_font=&#8221;||||||||&#8221; text_font_size=&#8221;16px&#8221; text_line_height=&#8221;2em&#8221; header_font=&#8221;Ubuntu|700|||||||&#8221; header_font_size=&#8221;60px&#8221; header_line_height=&#8221;1.4em&#8221; header_3_font=&#8221;Ubuntu||||||||&#8221; header_3_text_color=&#8221;#bb7860&#8243; header_3_line_height=&#8221;1.8em&#8221; max_width=&#8221;700px&#8221; custom_margin=&#8221;|||&#8221; text_font_size_tablet=&#8221;&#8221; text_font_size_phone=&#8221;14px&#8221; text_font_size_last_edited=&#8221;on|desktop&#8221; header_font_size_tablet=&#8221;&#8221; header_font_size_phone=&#8221;32px&#8221; header_font_size_last_edited=&#8221;on|desktop&#8221; locked=&#8221;off&#8221; global_colors_info=&#8221;{}&#8221;]<\/p>\n<h1>C\u00f3digos &amp; Software<\/h1>\n<h3>Sobre el contenido<\/h3>\n<p style=\"text-align: justify;\">Esta p\u00e1gina presenta algunos c\u00f3digos que he desarrollado en variadas oportunidades, y para distintos prop\u00f3sitos. Ac\u00e1 encontrar\u00e1n cosas muy simples como scripts que ayudan a labores diarias, a c\u00f3digos m\u00e1s complejos en los que he trabajado con equipos de colegas en su desarrollo. La intenci\u00f3n es centralizar distintas herramientas que he desarrollado. Tambi\u00e9n encotrar\u00e1n links a c\u00f3digos y utilidades desarrolladas por amigos.<\/p>\n<p>[\/et_pb_text][\/et_pb_column][\/et_pb_row][\/et_pb_section][et_pb_section fb_built=&#8221;1&#8243; admin_label=&#8221;Vision&#8221; _builder_version=&#8221;4.10.5&#8243; top_divider_height=&#8221;28px&#8221; global_colors_info=&#8221;{}&#8221; custom_padding=&#8221;42px|||||&#8221;][et_pb_row column_structure=&#8221;1_2,1_2&#8243; padding_top_bottom_link_1=&#8221;false&#8221; padding_top_bottom_link_2=&#8221;false&#8221; padding_top_bottom_link_3=&#8221;false&#8221; padding_left_right_link_1=&#8221;true&#8221; padding_left_right_link_2=&#8221;true&#8221; padding_left_right_link_3=&#8221;true&#8221; _builder_version=&#8221;4.10.5&#8243; module_alignment=&#8221;center&#8221; custom_margin_tablet=&#8221;|||3vw&#8221; custom_margin_phone=&#8221;|||2vw&#8221; custom_margin_last_edited=&#8221;off|desktop&#8221; custom_padding=&#8221;11px|||||&#8221; animation_style=&#8221;slide&#8221; animation_direction=&#8221;top&#8221; animation_intensity_slide=&#8221;2%&#8221; global_colors_info=&#8221;{}&#8221;][et_pb_column type=&#8221;1_2&#8243; _builder_version=&#8221;3.25&#8243; background_color=&#8221;#f5f5f5&#8243; custom_padding=&#8221;40px|30px||30px&#8221; custom_padding_tablet=&#8221;40px|||&#8221; custom_padding_phone=&#8221;&#8221; custom_padding_last_edited=&#8221;on|desktop&#8221; global_colors_info=&#8221;{}&#8221; padding_tablet=&#8221;40px|||&#8221; padding_last_edited=&#8221;on|desktop&#8221; custom_padding__hover=&#8221;|||&#8221;][et_pb_divider color=&#8221;#393e56&#8243; divider_position=&#8221;center&#8221; divider_weight=&#8221;3px&#8221; _builder_version=&#8221;4.10.5&#8243; max_width=&#8221;60px&#8221; height=&#8221;3px&#8221; custom_margin=&#8221;||10px|&#8221; global_colors_info=&#8221;{}&#8221;][\/et_pb_divider][et_pb_text _builder_version=&#8221;4.10.5&#8243; text_font=&#8221;||||||||&#8221; header_font=&#8221;||||||||&#8221; header_3_font=&#8221;Ubuntu||||||||&#8221; header_3_font_size=&#8221;16px&#8221; header_3_line_height=&#8221;1.8em&#8221; global_colors_info=&#8221;{}&#8221;]<\/p>\n<h3>Scripts y comandos \u00fatiles en GNU\/Linux<\/h3>\n<p>Esta es una peque\u00f1a coleccion de comandos \u00fatiles en GNU\/Linux, y algunos scripts programados principalmente en bash para el manejo y gesti\u00f3n de informaci\u00f3n dentre de un ambiente de trabajo de GNU\/Linux.<\/p>\n<p>[\/et_pb_text][et_pb_toggle title=&#8221;Elementos b\u00e1sicos&#8221; open_toggle_background_color=&#8221;#ffffff&#8221; closed_toggle_background_color=&#8221;#ffffff&#8221; icon_color=&#8221;#393e56&#8243; _builder_version=&#8221;3.14&#8243; title_text_color=&#8221;#393e56&#8243; title_font=&#8221;Ubuntu||||||||&#8221; title_line_height=&#8221;1.6em&#8221; body_font=&#8221;||||||||&#8221; body_line_height=&#8221;1.9em&#8221; custom_margin=&#8221;|-30px|0px|-30px||true&#8221; custom_padding=&#8221;|||||false&#8221; animation_style=&#8221;slide&#8221; animation_direction=&#8221;top&#8221; animation_intensity_slide=&#8221;10%&#8221; animation_starting_opacity=&#8221;100%&#8221; border_width_all=&#8221;0px&#8221; border_color_all=&#8221;rgba(0,0,0,0.1)&#8221; border_width_bottom=&#8221;1px&#8221; locked=&#8221;off&#8221; global_colors_info=&#8221;{}&#8221;]<\/p>\n<p>Cosas simples como renombrar archivos de forma masiva, filtrar contenidos, y similares. Esta enfocado principalmente al an\u00e1lisis de datos de archivos de texto com\u00fan.<\/p>\n<p>[\/et_pb_toggle][et_pb_toggle title=&#8221;Scripts en bash&#8221; open_toggle_background_color=&#8221;#ffffff&#8221; closed_toggle_background_color=&#8221;#ffffff&#8221; icon_color=&#8221;#393e56&#8243; _builder_version=&#8221;3.14&#8243; title_text_color=&#8221;#393e56&#8243; title_font=&#8221;Ubuntu||||||||&#8221; title_line_height=&#8221;1.6em&#8221; body_font=&#8221;||||||||&#8221; body_line_height=&#8221;1.9em&#8221; custom_margin=&#8221;|-30px|0px|-30px||true&#8221; custom_padding=&#8221;|||||false&#8221; animation_style=&#8221;slide&#8221; animation_direction=&#8221;top&#8221; animation_intensity_slide=&#8221;10%&#8221; animation_starting_opacity=&#8221;100%&#8221; border_width_all=&#8221;0px&#8221; border_color_all=&#8221;rgba(0,0,0,0.1)&#8221; border_width_bottom=&#8221;1px&#8221; locked=&#8221;off&#8221; global_colors_info=&#8221;{}&#8221;]<\/p>\n<p>Ac\u00e1 encontrar\u00e1n ejemplos de scripts utilizando BASH principalmente. Hay scripts para variados propositos, desde copias de seguridad, labores de an\u00e1lisis, entre otros.<\/p>\n<p>[\/et_pb_toggle][et_pb_toggle title=&#8221;Otros&#8221; open_toggle_background_color=&#8221;#ffffff&#8221; closed_toggle_background_color=&#8221;#ffffff&#8221; icon_color=&#8221;#393e56&#8243; _builder_version=&#8221;3.14&#8243; title_text_color=&#8221;#393e56&#8243; title_font=&#8221;Ubuntu||||||||&#8221; title_line_height=&#8221;1.6em&#8221; body_font=&#8221;||||||||&#8221; body_line_height=&#8221;1.9em&#8221; custom_margin=&#8221;|-30px|0px|-30px||true&#8221; custom_padding=&#8221;|||||false&#8221; animation_style=&#8221;slide&#8221; animation_direction=&#8221;top&#8221; animation_intensity_slide=&#8221;10%&#8221; animation_starting_opacity=&#8221;100%&#8221; border_width_all=&#8221;0px&#8221; border_color_all=&#8221;rgba(0,0,0,0.1)&#8221; border_width_bottom=&#8221;1px&#8221; locked=&#8221;off&#8221; global_colors_info=&#8221;{}&#8221;]<\/p>\n<p>Cosas variadas, como por ejemplo uso de slurm en clusters, compilaci\u00f3n de ciertos c\u00f3digos, y otros.<\/p>\n<p>[\/et_pb_toggle][\/et_pb_column][et_pb_column type=&#8221;1_2&#8243; _builder_version=&#8221;3.25&#8243; background_color=&#8221;#f5f5f5&#8243; custom_padding=&#8221;40px|30px||30px&#8221; custom_padding_tablet=&#8221;40px|||&#8221; custom_padding_phone=&#8221;&#8221; custom_padding_last_edited=&#8221;on|desktop&#8221; global_colors_info=&#8221;{}&#8221; padding_tablet=&#8221;40px|||&#8221; padding_last_edited=&#8221;on|desktop&#8221; custom_padding__hover=&#8221;|||&#8221;][et_pb_divider color=&#8221;#bb7860&#8243; divider_position=&#8221;center&#8221; divider_weight=&#8221;3px&#8221; _builder_version=&#8221;3.12.1&#8243; max_width=&#8221;60px&#8221; height=&#8221;3px&#8221; custom_margin=&#8221;||10px|&#8221; locked=&#8221;off&#8221; global_colors_info=&#8221;{}&#8221;][\/et_pb_divider][et_pb_text _builder_version=&#8221;4.10.5&#8243; text_font=&#8221;||||||||&#8221; header_font=&#8221;||||||||&#8221; header_3_font=&#8221;Ubuntu||||||||&#8221; header_3_text_color=&#8221;#bb7860&#8243; header_3_font_size=&#8221;16px&#8221; header_3_line_height=&#8221;1.8em&#8221; locked=&#8221;off&#8221; global_colors_info=&#8221;{}&#8221;]<\/p>\n<h3>Scripts de an\u00e1lisis para programas en ciencias de Materiales.<\/h3>\n<p>Ac\u00e1 encontraran informaci\u00f3n sobre scripts especializados en el an\u00e1lisis de resultados de otros c\u00f3digos, como VASP, Quantum-espresso, LPMD, LAMMPS. Que se utilizan en ciencia de Materiales computacional.<\/p>\n<p>[\/et_pb_text][et_pb_toggle title=&#8221;M\u00f3dulo de Bulk con VASP&#8221; open_toggle_background_color=&#8221;#ffffff&#8221; closed_toggle_background_color=&#8221;#ffffff&#8221; icon_color=&#8221;#bb7860&#8243; _builder_version=&#8221;3.14&#8243; title_text_color=&#8221;#bb7860&#8243; title_font=&#8221;Ubuntu||||||||&#8221; title_line_height=&#8221;1.6em&#8221; body_font=&#8221;||||||||&#8221; body_line_height=&#8221;1.9em&#8221; custom_margin=&#8221;|-30px|0px|-30px||true&#8221; custom_padding=&#8221;|||||false&#8221; animation_style=&#8221;slide&#8221; animation_direction=&#8221;top&#8221; animation_intensity_slide=&#8221;10%&#8221; animation_starting_opacity=&#8221;100%&#8221; border_width_all=&#8221;0px&#8221; border_color_all=&#8221;rgba(0,0,0,0.1)&#8221; border_width_bottom=&#8221;1px&#8221; locked=&#8221;off&#8221; global_colors_info=&#8221;{}&#8221;]<\/p>\n<p>Script dise\u00f1ado para calcular el m\u00f3dulo de compresibilidad de una estructura usando VASP. Asume que el usuario ya conoce VASP, y sabe lo que esta haciendo.<\/p>\n<p>[\/et_pb_toggle][et_pb_toggle title=&#8221;Convertir entre formatos&#8221; open_toggle_background_color=&#8221;#ffffff&#8221; closed_toggle_background_color=&#8221;#ffffff&#8221; icon_color=&#8221;#bb7860&#8243; _builder_version=&#8221;3.14&#8243; title_text_color=&#8221;#bb7860&#8243; title_font=&#8221;Ubuntu||||||||&#8221; title_line_height=&#8221;1.6em&#8221; body_font=&#8221;||||||||&#8221; body_line_height=&#8221;1.9em&#8221; custom_margin=&#8221;|-30px|0px|-30px||true&#8221; custom_padding=&#8221;|||||false&#8221; border_width_all=&#8221;0px&#8221; border_color_all=&#8221;rgba(0,0,0,0.1)&#8221; border_width_bottom=&#8221;1px&#8221; locked=&#8221;off&#8221; global_colors_info=&#8221;{}&#8221;]Your content goes here. Edit or remove this text inline or in the module Content settings. You can also style every aspect of this content in the module Design settings and even apply custom CSS to this text in the module Advanced settings.[\/et_pb_toggle][et_pb_toggle title=&#8221;Otros&#8221; open_toggle_background_color=&#8221;#ffffff&#8221; closed_toggle_background_color=&#8221;#ffffff&#8221; icon_color=&#8221;#bb7860&#8243; _builder_version=&#8221;3.14&#8243; title_text_color=&#8221;#bb7860&#8243; title_font=&#8221;Ubuntu||||||||&#8221; title_line_height=&#8221;1.6em&#8221; body_font=&#8221;||||||||&#8221; body_line_height=&#8221;1.9em&#8221; custom_margin=&#8221;|-30px|0px|-30px||true&#8221; custom_padding=&#8221;|||||false&#8221; border_width_all=&#8221;0px&#8221; border_color_all=&#8221;rgba(0,0,0,0.1)&#8221; border_width_bottom=&#8221;1px&#8221; locked=&#8221;off&#8221; global_colors_info=&#8221;{}&#8221;]<\/p>\n<p>Otros scripts y aplicaciones que he desarrollado o en las que he colaborado para analisis de archivos, o datos, en ciencia de materiales.<\/p>\n<p>[\/et_pb_toggle][\/et_pb_column][\/et_pb_row][et_pb_row column_structure=&#8221;1_2,1_2&#8243; padding_top_bottom_link_1=&#8221;false&#8221; padding_top_bottom_link_2=&#8221;false&#8221; padding_top_bottom_link_3=&#8221;false&#8221; padding_left_right_link_1=&#8221;true&#8221; padding_left_right_link_2=&#8221;true&#8221; padding_left_right_link_3=&#8221;true&#8221; _builder_version=&#8221;3.25&#8243; module_alignment=&#8221;center&#8221; custom_margin_tablet=&#8221;|||3vw&#8221; custom_margin_phone=&#8221;|||2vw&#8221; custom_margin_last_edited=&#8221;off|desktop&#8221; custom_padding=&#8221;|||&#8221; animation_style=&#8221;slide&#8221; animation_direction=&#8221;top&#8221; animation_intensity_slide=&#8221;2%&#8221; global_colors_info=&#8221;{}&#8221;][et_pb_column type=&#8221;1_2&#8243; _builder_version=&#8221;3.25&#8243; background_color=&#8221;#f5f5f5&#8243; custom_padding=&#8221;40px|30px||30px&#8221; custom_padding_tablet=&#8221;40px|||&#8221; custom_padding_phone=&#8221;&#8221; custom_padding_last_edited=&#8221;on|desktop&#8221; global_colors_info=&#8221;{}&#8221; padding_tablet=&#8221;40px|||&#8221; padding_last_edited=&#8221;on|desktop&#8221; custom_padding__hover=&#8221;|||&#8221;][et_pb_divider color=&#8221;#96a6bd&#8221; divider_weight=&#8221;3px&#8221; _builder_version=&#8221;3.14&#8243; max_width=&#8221;60px&#8221; height=&#8221;3px&#8221; custom_margin=&#8221;||10px|&#8221; global_colors_info=&#8221;{}&#8221;][\/et_pb_divider][et_pb_text _builder_version=&#8221;4.10.5&#8243; text_font=&#8221;||||||||&#8221; header_font=&#8221;||||||||&#8221; header_3_font=&#8221;Ubuntu||||||||&#8221; header_3_text_color=&#8221;#96a6bd&#8221; header_3_font_size=&#8221;16px&#8221; header_3_line_height=&#8221;1.8em&#8221; global_colors_info=&#8221;{}&#8221;]<\/p>\n<h3>C\u00f3digos especializados<\/h3>\n<p>Algunos c\u00f3digos especializados en que he trabajado como desarrollador, e investigador en su publicaci\u00f3n, hay c\u00f3digos variados, para distintos usos.<\/p>\n<p>[\/et_pb_text][et_pb_toggle title=&#8221;Interatomic Potentials with Particle Swarm Optimizacion (PSO)&#8221; open_toggle_background_color=&#8221;#ffffff&#8221; closed_toggle_background_color=&#8221;#ffffff&#8221; icon_color=&#8221;#96a6bd&#8221; _builder_version=&#8221;4.10.5&#8243; title_text_color=&#8221;#96a6bd&#8221; title_font=&#8221;Ubuntu||||||||&#8221; title_line_height=&#8221;1.6em&#8221; body_font=&#8221;||||||||&#8221; body_line_height=&#8221;1.9em&#8221; custom_margin=&#8221;|-30px|0px|-30px||true&#8221; custom_padding=&#8221;|||||false&#8221; border_width_all=&#8221;0px&#8221; border_color_all=&#8221;rgba(0,0,0,0.1)&#8221; border_width_bottom=&#8221;1px&#8221; locked=&#8221;off&#8221; global_colors_info=&#8221;{}&#8221;]<\/p>\n<p>Est\u00e9 c\u00f3digo es la implementaci\u00f3n en paralelo del trabajo de D Gonz\u00e1lez et al. []. Este c\u00f3digo utiliza particle swarm optimization, junto con algoritmo gen\u00e9tico para la b\u00fasqueda de potenciales interat\u00f3micos para distintos sistemas. Requiere la librer\u00eda de lammps [] para su funcionamiento. M\u00e1s informaci\u00f3n.<\/p>\n<p>[\/et_pb_toggle][et_pb_toggle title=&#8221;Cras iaculis ultricies nulla&#8221; open_toggle_background_color=&#8221;#ffffff&#8221; closed_toggle_background_color=&#8221;#ffffff&#8221; icon_color=&#8221;#96a6bd&#8221; _builder_version=&#8221;3.14&#8243; title_text_color=&#8221;#96a6bd&#8221; title_font=&#8221;Ubuntu||||||||&#8221; title_line_height=&#8221;1.6em&#8221; body_font=&#8221;||||||||&#8221; body_line_height=&#8221;1.9em&#8221; custom_margin=&#8221;|-30px|0px|-30px||true&#8221; custom_padding=&#8221;|||||false&#8221; border_width_all=&#8221;0px&#8221; border_color_all=&#8221;rgba(0,0,0,0.1)&#8221; border_width_bottom=&#8221;1px&#8221; locked=&#8221;off&#8221; global_colors_info=&#8221;{}&#8221;]Your content goes here. Edit or remove this text inline or in the module Content settings. You can also style every aspect of this content in the module Design settings and even apply custom CSS to this text in the module Advanced settings.[\/et_pb_toggle][et_pb_toggle title=&#8221;Vestibulum auctor dapibus neque&#8221; open_toggle_background_color=&#8221;#ffffff&#8221; closed_toggle_background_color=&#8221;#ffffff&#8221; icon_color=&#8221;#96a6bd&#8221; _builder_version=&#8221;3.14&#8243; title_text_color=&#8221;#96a6bd&#8221; title_font=&#8221;Ubuntu||||||||&#8221; title_line_height=&#8221;1.6em&#8221; body_font=&#8221;||||||||&#8221; body_line_height=&#8221;1.9em&#8221; custom_margin=&#8221;|-30px|0px|-30px||true&#8221; custom_padding=&#8221;|||||false&#8221; border_width_all=&#8221;0px&#8221; border_color_all=&#8221;rgba(0,0,0,0.1)&#8221; border_width_bottom=&#8221;1px&#8221; locked=&#8221;off&#8221; global_colors_info=&#8221;{}&#8221;]Your content goes here. Edit or remove this text inline or in the module Content settings. You can also style every aspect of this content in the module Design settings and even apply custom CSS to this text in the module Advanced settings.[\/et_pb_toggle][\/et_pb_column][et_pb_column type=&#8221;1_2&#8243; _builder_version=&#8221;3.25&#8243; background_color=&#8221;#f5f5f5&#8243; custom_padding=&#8221;40px|30px||30px&#8221; custom_padding_tablet=&#8221;40px|||&#8221; custom_padding_phone=&#8221;&#8221; custom_padding_last_edited=&#8221;on|desktop&#8221; global_colors_info=&#8221;{}&#8221; padding_tablet=&#8221;40px|||&#8221; padding_last_edited=&#8221;on|desktop&#8221; custom_padding__hover=&#8221;|||&#8221;][et_pb_divider color=&#8221;#393e56&#8243; divider_position=&#8221;center&#8221; divider_weight=&#8221;3px&#8221; _builder_version=&#8221;3.12.1&#8243; max_width=&#8221;60px&#8221; height=&#8221;3px&#8221; custom_margin=&#8221;||10px|&#8221; locked=&#8221;off&#8221; global_colors_info=&#8221;{}&#8221;][\/et_pb_divider][et_pb_text _builder_version=&#8221;4.10.5&#8243; text_font=&#8221;||||||||&#8221; header_font=&#8221;||||||||&#8221; header_3_font=&#8221;Ubuntu||||||||&#8221; header_3_font_size=&#8221;16px&#8221; header_3_line_height=&#8221;1.8em&#8221; locked=&#8221;off&#8221; global_colors_info=&#8221;{}&#8221;]<\/p>\n<h3>Otros c\u00f3digos<\/h3>\n<p>Nullam tincidunt ut nunc et porttitor. Sed vel posuere enim, id aliquam lacus. Ut accumsan ipsum turpis, ut sagittis mi porta at. Aliquam erat volutpat.<\/p>\n<p>[\/et_pb_text][et_pb_toggle title=&#8221;Vestibulum auctor dapibus neque&#8221; open_toggle_background_color=&#8221;#ffffff&#8221; closed_toggle_background_color=&#8221;#ffffff&#8221; icon_color=&#8221;#393e56&#8243; _builder_version=&#8221;3.14&#8243; title_text_color=&#8221;#393e56&#8243; title_font=&#8221;Ubuntu||||||||&#8221; title_line_height=&#8221;1.6em&#8221; body_font=&#8221;||||||||&#8221; body_line_height=&#8221;1.9em&#8221; custom_margin=&#8221;|-30px|0px|-30px||true&#8221; custom_padding=&#8221;|||||false&#8221; animation_style=&#8221;slide&#8221; animation_direction=&#8221;top&#8221; animation_intensity_slide=&#8221;10%&#8221; animation_starting_opacity=&#8221;100%&#8221; border_width_all=&#8221;0px&#8221; border_color_all=&#8221;rgba(0,0,0,0.1)&#8221; border_width_bottom=&#8221;1px&#8221; locked=&#8221;off&#8221; global_colors_info=&#8221;{}&#8221;]Your content goes here. Edit or remove this text inline or in the module Content settings. You can also style every aspect of this content in the module Design settings and even apply custom CSS to this text in the module Advanced settings.[\/et_pb_toggle][et_pb_toggle title=&#8221;Nunc dignissim risus id metus&#8221; open_toggle_background_color=&#8221;#ffffff&#8221; closed_toggle_background_color=&#8221;#ffffff&#8221; icon_color=&#8221;#393e56&#8243; _builder_version=&#8221;3.14&#8243; title_text_color=&#8221;#393e56&#8243; title_font=&#8221;Ubuntu||||||||&#8221; title_line_height=&#8221;1.6em&#8221; body_font=&#8221;||||||||&#8221; body_line_height=&#8221;1.9em&#8221; custom_margin=&#8221;|-30px|0px|-30px||true&#8221; custom_padding=&#8221;|||||false&#8221; animation_style=&#8221;slide&#8221; animation_direction=&#8221;top&#8221; animation_intensity_slide=&#8221;10%&#8221; animation_starting_opacity=&#8221;100%&#8221; border_width_all=&#8221;0px&#8221; border_color_all=&#8221;rgba(0,0,0,0.1)&#8221; border_width_bottom=&#8221;1px&#8221; locked=&#8221;off&#8221; global_colors_info=&#8221;{}&#8221;]Your content goes here. Edit or remove this text inline or in the module Content settings. You can also style every aspect of this content in the module Design settings and even apply custom CSS to this text in the module Advanced settings.[\/et_pb_toggle][et_pb_toggle title=&#8221;Nunc dignissim risus id metus&#8221; open_toggle_background_color=&#8221;#ffffff&#8221; closed_toggle_background_color=&#8221;#ffffff&#8221; icon_color=&#8221;#393e56&#8243; _builder_version=&#8221;3.14&#8243; title_text_color=&#8221;#393e56&#8243; title_font=&#8221;Ubuntu||||||||&#8221; title_line_height=&#8221;1.6em&#8221; body_font=&#8221;||||||||&#8221; body_line_height=&#8221;1.9em&#8221; custom_margin=&#8221;|-30px|0px|-30px||true&#8221; custom_padding=&#8221;|||||false&#8221; animation_style=&#8221;slide&#8221; animation_direction=&#8221;top&#8221; animation_intensity_slide=&#8221;10%&#8221; animation_starting_opacity=&#8221;100%&#8221; border_width_all=&#8221;0px&#8221; border_color_all=&#8221;rgba(0,0,0,0.1)&#8221; border_width_bottom=&#8221;1px&#8221; locked=&#8221;off&#8221; global_colors_info=&#8221;{}&#8221;]Your content goes here. Edit or remove this text inline or in the module Content settings. You can also style every aspect of this content in the module Design settings and even apply custom CSS to this text in the module Advanced settings.[\/et_pb_toggle][\/et_pb_column][\/et_pb_row][\/et_pb_section]<\/p>\n","protected":false},"excerpt":{"rendered":"<p>C\u00f3digos &amp; Software Sobre el contenido Esta p\u00e1gina presenta algunos c\u00f3digos que he desarrollado en variadas oportunidades, y para distintos prop\u00f3sitos. Ac\u00e1 encontrar\u00e1n cosas muy simples como scripts que ayudan a labores diarias, a c\u00f3digos m\u00e1s complejos en los que he trabajado con equipos de colegas en su desarrollo. La intenci\u00f3n es centralizar distintas herramientas [&hellip;]<\/p>\n","protected":false},"author":1,"featured_media":0,"parent":0,"menu_order":0,"comment_status":"closed","ping_status":"closed","template":"","meta":{"_et_pb_use_builder":"on","_et_pb_old_content":"","_et_gb_content_width":"","footnotes":""},"class_list":["post-101","page","type-page","status-publish","hentry"],"_links":{"self":[{"href":"https:\/\/joaquinperalta.cl\/index.php?rest_route=\/wp\/v2\/pages\/101","targetHints":{"allow":["GET"]}}],"collection":[{"href":"https:\/\/joaquinperalta.cl\/index.php?rest_route=\/wp\/v2\/pages"}],"about":[{"href":"https:\/\/joaquinperalta.cl\/index.php?rest_route=\/wp\/v2\/types\/page"}],"author":[{"embeddable":true,"href":"https:\/\/joaquinperalta.cl\/index.php?rest_route=\/wp\/v2\/users\/1"}],"replies":[{"embeddable":true,"href":"https:\/\/joaquinperalta.cl\/index.php?rest_route=%2Fwp%2Fv2%2Fcomments&post=101"}],"version-history":[{"count":17,"href":"https:\/\/joaquinperalta.cl\/index.php?rest_route=\/wp\/v2\/pages\/101\/revisions"}],"predecessor-version":[{"id":146,"href":"https:\/\/joaquinperalta.cl\/index.php?rest_route=\/wp\/v2\/pages\/101\/revisions\/146"}],"wp:attachment":[{"href":"https:\/\/joaquinperalta.cl\/index.php?rest_route=%2Fwp%2Fv2%2Fmedia&parent=101"}],"curies":[{"name":"wp","href":"https:\/\/api.w.org\/{rel}","templated":true}]}}